{"id":18529,"date":"2024-04-19T14:07:00","date_gmt":"2024-04-19T12:07:00","guid":{"rendered":"https:\/\/sacslab.com\/nem-kategorizalt\/tc01-wc-tisztito-extrem\/"},"modified":"2025-06-01T17:11:26","modified_gmt":"2025-06-01T15:11:26","slug":"tc01-wc-tisztito-extrem","status":"publish","type":"product","link":"https:\/\/sacslab.com\/hu\/tc01-wc-tisztito-extrem\/","title":{"rendered":"TC01 &#8211; WC-TISZT\u00cdT\u00d3 EXTR\u00c9M"},"content":{"rendered":"<p><strong>TC01 &#8211; WC-tiszt\u00edt\u00f3 EXTR\u00c9M<\/strong><\/p>\n<p>Kiemelked\u0151en hat\u00e9kony g\u00e9l tiszt\u00edt\u00f3szer, amelyet kifejezetten \u00e1ltal\u00e1nos takar\u00edt\u00e1shoz, els\u0151sorban a WC-k \u00e9s szaniterek m\u00e9lytiszt\u00edt\u00e1s\u00e1hoz fejlesztettek ki. Ez a term\u00e9k elt\u00e1vol\u00edtja a hossz\u00fa t\u00e1v\u00fa lerak\u00f3d\u00e1sokat \u00e9s szennyez\u0151d\u00e9seket, ide\u00e1lis a v\u00edzk\u0151, \u00e1sv\u00e1nyi, magn\u00e9zium-, h\u00fagy- \u00e9s kalciumlerak\u00f3d\u00e1sok, valamint a rozsda alapos elt\u00e1vol\u00edt\u00e1s\u00e1ra. K\u00fcl\u00f6nleges \u00f6sszet\u00e9tel\u00e9nek k\u00f6sz\u00f6nhet\u0151en a szer a v\u00edzszint alatt is hat\u00e9konyan m\u0171k\u00f6dik, \u00e9s maxim\u00e1lis hat\u00e9konys\u00e1got biztos\u00edt kem\u00e9ny v\u00edz \u00e9s nagy forgalmi terhel\u00e9s mellett. Hat\u00e9konyan tiszt\u00edtja a nehezen hozz\u00e1f\u00e9rhet\u0151 helyeket is, \u00edgy a WC-k ragyog\u00f3an tiszt\u00e1k maradnak, \u00e9s magas szint\u0171 higi\u00e9ni\u00e1t biztos\u00edt. Sav\u00e1ll\u00f3 fel\u00fcleteken haszn\u00e1lhat\u00f3.<\/p>\n<p><strong>HASZN\u00c1LATI UTAS\u00cdT\u00c1S:<\/strong><\/p>\n<ul>\n<li>Vigye fel a term\u00e9ket a WC-cs\u00e9sze pereme al\u00e1 \u00e9s az oldalfalakra.<\/li>\n<li>Hagyja hatni 1\u201310 percig a szennyez\u0151d\u00e9s m\u00e9rt\u00e9k\u00e9t\u0151l f\u00fcgg\u0151en.<\/li>\n<li>Tiszt\u00edtsa meg a fel\u00fcletet WC-kef\u00e9vel, majd \u00f6bl\u00edtse le tiszta v\u00edzzel.<\/li>\n<\/ul>\n<p><strong>ADAGOL\u00c1S:<\/strong><\/p>\n<p>A term\u00e9k k\u00f6zvetlen felhaszn\u00e1l\u00e1sra k\u00e9sz\u00fclt, h\u00edg\u00edt\u00e1st nem ig\u00e9nyel. Haszn\u00e1lja a sz\u00fcks\u00e9ges mennyis\u00e9get az optim\u00e1lis tiszt\u00edt\u00f3hat\u00e1s el\u00e9r\u00e9s\u00e9hez.<\/p>\n<p><strong>T\u00c1ROL\u00c1S:<\/strong><\/p>\n<p>T\u00e1rolja 5\u201330 \u00b0C h\u0151m\u00e9rs\u00e9kleten. V\u00e9dje a k\u00f6zvetlen napf\u00e9nyt\u0151l. Felhaszn\u00e1lhat\u00f3 a csomagol\u00e1son felt\u00fcntetett d\u00e1tumig.<\/p>\n<p><strong>FIGYELEM:<\/strong><\/p>\n<p>A SACSLAB s. r. o. nem v\u00e1llal felel\u0151ss\u00e9get semmilyen k\u00e1r\u00e9rt, bele\u00e9rtve a k\u00f6zvetlen vagy k\u00f6zvetett k\u00e1rt is, amelyet a term\u00e9k helytelen haszn\u00e1lata, a haszn\u00e1lati utas\u00edt\u00e1sok be nem tart\u00e1sa vagy a term\u00e9k nem megfelel\u0151 kezel\u00e9se okozott.<\/p>\n<p>A felhaszn\u00e1l\u00f3nak a haszn\u00e1lat el\u0151tt meg kell gy\u0151z\u0151dnie a term\u00e9k megfelel\u0151s\u00e9g\u00e9r\u0151l a konkr\u00e9t c\u00e9lra, \u00e9s biztos\u00edtania kell minden vonatkoz\u00f3 biztons\u00e1gi el\u0151\u00edr\u00e1s betart\u00e1s\u00e1t, bele\u00e9rtve a biztons\u00e1gi adatlap (SDS) utas\u00edt\u00e1sait is.<\/p>\n<p>Ez a nyilatkozat nem z\u00e1rja ki, \u00e9s nem korl\u00e1tozza a felel\u0151ss\u00e9get a hal\u00e1l, s\u00e9r\u00fcl\u00e9s vagy m\u00e1s olyan esetek vonatkoz\u00e1s\u00e1ban, amikor a felel\u0151ss\u00e9g kiz\u00e1r\u00e1sa az alkalmazand\u00f3 jogszab\u00e1lyok szerint nem megengedett.<\/p>\n<div class=\"_message__content_g10pz_53\">\n<div class=\"Text-module__container___lebzl\">\n<p class=\"Text-module__container__message___KKCte Text-module__container--user___3KXA-\"><strong>FONTOS:<\/strong><\/p>\n<\/div>\n<\/div>\n<p>Haszn\u00e1lat el\u0151tt mindig olvassa el a c\u00edmk\u00e9t \u00e9s a term\u00e9kinform\u00e1ci\u00f3kat a csatolt\u00a0<strong>\u201eLET\u00d6LT\u00c9SEK\u201d\u00a0<\/strong>dokumentumokban.<\/p>\n<div class=\"testo\">\n<h4>ALKALMAZ\u00c1SI TER\u00dcLETEK:<\/h4>\n<table class=\"tab_application\">\n<thead>\n<tr>\n<th>TER\u00dcLET<\/th>\n<th>F\u0150 FELHASZN\u00c1L\u00c1S<\/th>\n<th>EGY\u00c9B HASZN\u00c1LAT<\/th>\n<\/tr>\n<\/thead>\n<tbody>\n<tr>\n<td>\u00c1LTAL\u00c1NOS<\/td>\n<td><\/td>\n<td><\/td>\n<\/tr>\n<tr>\n<td>MOSD\u00d3<\/td>\n<td><\/td>\n<td><img decoding=\"async\" class=\"sacslab-checked\" src=\"https:\/\/sacslab.com\/wp-content\/uploads\/2024\/06\/checked-yellow.svg\" \/><\/td>\n<\/tr>\n<tr>\n<td>HIGI\u00c9NIAI<\/td>\n<td><img decoding=\"async\" class=\"sacslab-checked\" src=\"https:\/\/sacslab.com\/wp-content\/uploads\/2024\/06\/checked-red.svg\" \/><\/td>\n<td><\/td>\n<\/tr>\n<tr>\n<td>KONYHAI<\/td>\n<td><\/td>\n<td><\/td>\n<\/tr>\n<tr>\n<td>DEZIFEKT\u00c1L\u00d3<\/td>\n<td><\/td>\n<td><\/td>\n<\/tr>\n<tr>\n<td>SPECI\u00c1LIS<\/td>\n<td><\/td>\n<td><img decoding=\"async\" class=\"sacslab-checked\" src=\"https:\/\/sacslab.com\/wp-content\/uploads\/2024\/06\/checked.svg\" \/><\/td>\n<\/tr>\n<\/tbody>\n<\/table>\n<\/div>\n<div class=\"testo\">\n<h4>TC01 &#8211; EXTREME TOILET CLEANER \u00a0pH &lt; 1,0<\/h4>\n<p>A megadott pH-\u00e9rt\u00e9k az adott mos\u00f3szerre vagy mos\u00f3szer-koncentr\u00e1tumra vonatkozik.<\/p>\n<table class=\"tab_application\">\n<thead>\n<tr>\n<th><strong>TITLE <\/strong><\/th>\n<th>pH<\/th>\n<\/tr>\n<\/thead>\n<tbody>\n<tr>\n<td>ER\u0150SEN SAVAS | pH 0-2<\/td>\n<td><img decoding=\"async\" class=\"sacslab-checked\" src=\"https:\/\/sacslab.com\/wp-content\/uploads\/2024\/06\/checked-black.svg\" \/><\/td>\n<\/tr>\n<tr>\n<td>K\u00d6ZEPESEN SAVAS | pH 2-5<\/td>\n<td><\/td>\n<\/tr>\n<tr>\n<td>SEMLEGES | pH 5-8<\/td>\n<td><\/td>\n<\/tr>\n<tr>\n<td>K\u00d6ZEPESEN L\u00daGOS | pH 8-11<\/td>\n<td><\/td>\n<\/tr>\n<tr>\n<td>ER\u0150SEN L\u00daGOS | pH 11-15<\/td>\n<td><\/td>\n<\/tr>\n<\/tbody>\n<\/table>\n<\/div>\n","protected":false},"excerpt":{"rendered":"<p><strong style=\"font-size: 1.41575em;\">Professzion\u00e1lis tiszt\u00edt\u00f3szer<\/strong><\/p>\n<p><img fetchpriority=\"high\" decoding=\"async\" class=\"alignnone wp-image-22622 size-medium\" src=\"https:\/\/sacslab.com\/wp-content\/uploads\/2024\/04\/certificate-ISO.svg\" alt=\"\" width=\"300\" height=\"300\" \/><\/p>\n<div class=\"e18-eigenschaften\">\n<p><strong>TC01 WC-tiszt\u00edt\u00f3 EXTR\u00c9M<\/strong> \u2013 magas hat\u00e9konys\u00e1g\u00fa foly\u00e9kony g\u00e9l, amely a v\u00e9c\u00e9k, piszo\u00e1rok \u00e9s sanit\u00e9r ker\u00e1mia \u00e1ltal\u00e1nos tiszt\u00edt\u00e1s\u00e1ra k\u00e9sz\u00fclt. A m\u00e9lytiszt\u00edt\u00e1sra k\u00fcl\u00f6nlegesen kifejlesztett term\u00e9k, amely ragyog\u00f3 tisztas\u00e1got \u00e9s magas higi\u00e9niai szintet biztos\u00edt<\/p>\n<ul>\n<li><strong>M\u00e9lytiszt\u00edt\u00e1s WC-k \u00e9s piszo\u00e1rok<\/strong><\/li>\n<li><strong>Szaniter ker\u00e1mia<\/strong><\/li>\n<li><strong>Maxim\u00e1lisan hat\u00e9kony v\u00edzk\u0151 ellen<\/strong><\/li>\n<li><strong>Tiszt\u00edtja a hossz\u00fa t\u00e1v\u00fa lerak\u00f3d\u00e1sokat \u00e9s szennyez\u0151d\u00e9seket<\/strong><\/li>\n<li><strong>Elt\u00e1vol\u00edtja a lerak\u00f3d\u00e1sokat: \u00e1sv\u00e1nyi, magn\u00e9ziumos, vizeletet tartalmaz\u00f3 kalciumot \u00e9s rozsd\u00e1t<\/strong><\/li>\n<li><strong>Hat\u00e9kony a v\u00edzszint alatt is<\/strong><\/li>\n<li><strong>pH &lt; 1,0<\/strong><\/li>\n<\/ul>\n<\/div>\n","protected":false},"featured_media":22337,"template":"","meta":{"inline_featured_image":false},"product_cat":[322,368],"product_tag":[369,393],"class_list":{"0":"post-18529","1":"product","2":"type-product","3":"status-publish","4":"has-post-thumbnail","6":"product_cat-tisztitoszerek","7":"product_cat-higieniai-terulet","8":"product_tag-mosdo-terulet","9":"product_tag-specialis-terulet","11":"first","12":"instock","13":"taxable","14":"shipping-taxable","15":"purchasable","16":"product-type-variable"},"bundled_by":["20475"],"bundle_stock_status":"instock","bundle_stock_quantity":null,"bundle_virtual":false,"bundle_layout":"","bundle_add_to_cart_form_location":"","bundle_editable_in_cart":false,"bundle_sold_individually_context":"","bundle_item_grouping":"","bundle_min_size":"","bundle_max_size":"","bundle_price":[],"bundled_items":[],"bundle_sell_ids":[],"_links":{"self":[{"href":"https:\/\/sacslab.com\/hu\/wp-json\/wp\/v2\/product\/18529","targetHints":{"allow":["GET"]}}],"collection":[{"href":"https:\/\/sacslab.com\/hu\/wp-json\/wp\/v2\/product"}],"about":[{"href":"https:\/\/sacslab.com\/hu\/wp-json\/wp\/v2\/types\/product"}],"wp:featuredmedia":[{"embeddable":true,"href":"https:\/\/sacslab.com\/hu\/wp-json\/wp\/v2\/media\/22337"}],"wp:attachment":[{"href":"https:\/\/sacslab.com\/hu\/wp-json\/wp\/v2\/media?parent=18529"}],"wp:term":[{"taxonomy":"product_cat","embeddable":true,"href":"https:\/\/sacslab.com\/hu\/wp-json\/wp\/v2\/product_cat?post=18529"},{"taxonomy":"product_tag","embeddable":true,"href":"https:\/\/sacslab.com\/hu\/wp-json\/wp\/v2\/product_tag?post=18529"}],"curies":[{"name":"wp","href":"https:\/\/api.w.org\/{rel}","templated":true}]}}