{"id":18668,"date":"2024-04-19T14:27:54","date_gmt":"2024-04-19T12:27:54","guid":{"rendered":"https:\/\/sacslab.com\/nem-kategorizalt\/ld01-univerzalis-mosogel\/"},"modified":"2025-04-15T20:38:44","modified_gmt":"2025-04-15T18:38:44","slug":"ld01-univerzalis-mosogel","status":"publish","type":"product","link":"https:\/\/sacslab.com\/hu\/ld01-univerzalis-mosogel\/","title":{"rendered":"LD01 \u2013 UNIVERZ\u00c1LIS MOS\u00d3G\u00c9L"},"content":{"rendered":"<p><strong>LD01 &#8211; Universal<\/strong><\/p>\n<p>Egyed\u00fcl\u00e1ll\u00f3an koncentr\u00e1lt mos\u00f3g\u00e9l, amely hat\u00e9kony akt\u00edv \u00f6sszetev\u0151ket \u00e9s enzimeket tartalmaz, amelyek m\u00e9lyen behatolnak a text\u00edli\u00e1k sz\u00e1laiba, \u00e9s megb\u00edzhat\u00f3an elt\u00e1vol\u00edtj\u00e1k a foltokat \u00e9s a szennyez\u0151d\u00e9seket. A modern technol\u00f3gi\u00e1knak \u00e9s az akt\u00edv \u00f6sszetev\u0151k kombin\u00e1ci\u00f3j\u00e1nak k\u00f6sz\u00f6nhet\u0151en m\u00e1r a mos\u00e1s sor\u00e1n megsz\u00fcnteti a bolyhosod\u00e1st, mik\u00f6zben a sz\u00e1lakat puh\u00e1n \u00e9s rugalmasan tartja. A mos\u00f3szert \u00fagy tervezt\u00e9k, hogy alacsonyabb h\u0151m\u00e9rs\u00e9kleten, 30 \u00b0C \u00e9s 95 \u00b0C k\u00f6z\u00f6tt is hat\u00e9konyan m\u0171k\u00f6dj\u00f6n. Nem tartalmaz agressz\u00edv szintetikus anyagokat, \u00e9s minden t\u00edpus\u00fa text\u00edli\u00e1hoz alkalmas. Az eredm\u00e9ny t\u00f6k\u00e9letesen tiszta ruh\u00e1k friss illattal.<\/p>\n<p>A term\u00e9k ide\u00e1lis sz\u00e1llod\u00e1k, \u00e9ttermek, panzi\u00f3k \u00e9s minden olyan hely sz\u00e1m\u00e1ra, ahol professzion\u00e1lis tisztas\u00e1gra van sz\u00fcks\u00e9g.<\/p>\n<p>V\u00edzl\u00e1gy\u00edt\u00f3t tartalmaz, amely jav\u00edtja a mos\u00e1si eredm\u00e9nyt kem\u00e9ny v\u00edzben, cs\u00f6kkentve ezzel a mos\u00f3szer \u00e9s az energiafogyaszt\u00e1st. A term\u00e9szetes v\u00edzl\u00e1gy\u00edt\u00f3k k\u00e9pesek megk\u00f6tni azokat az \u00e1sv\u00e1nyi anyagokat, mint p\u00e9ld\u00e1ul a kalcium \u00e9s magn\u00e9zium, amelyek gyakran lerak\u00f3dnak a mos\u00f3g\u00e9pekben \u00e9s a text\u00edli\u00e1kban. Az \u00f6sszet\u00e9telt \u00fagy fejlesztett\u00e9k ki, hogy maxim\u00e1lis hat\u00e9konys\u00e1got ny\u00fajtson a foltok \u00e9s szennyez\u0151d\u00e9sek elt\u00e1vol\u00edt\u00e1s\u00e1ban.<\/p>\n<p><strong>HASZN\u00c1LATI \u00daTMUTAT\u00d3:<\/strong><\/p>\n<p><strong>Ruh\u00e1k sz\u00e9tv\u00e1logat\u00e1sa:<\/strong><br \/>\nV\u00e1logassa sz\u00e9t a text\u00edli\u00e1kat sz\u00ednek szerint (feh\u00e9r, sz\u00ednes, s\u00f6t\u00e9t) \u00e9s a c\u00edmk\u00e9n felt\u00fcntetett aj\u00e1nlott mos\u00e1si h\u0151m\u00e9rs\u00e9kletek alapj\u00e1n (bele\u00e9rtve a 95 \u00b0C-os mos\u00e1st is, amely strapab\u00edr\u00f3 text\u00edli\u00e1khoz, p\u00e9ld\u00e1ul t\u00f6r\u00f6lk\u00f6z\u0151kh\u00f6z, \u00e1gynem\u0171h\u00f6z vagy maxim\u00e1lis higi\u00e9ni\u00e1t ig\u00e9nyl\u0151 konyhai t\u00f6rl\u0151kh\u00f6z aj\u00e1nlott).<\/p>\n<p><strong>Mos\u00f3szer adagol\u00e1sa:<\/strong><br \/>\nHaszn\u00e1ljon m\u00e9r\u0151ed\u00e9nyt a megfelel\u0151 mennyis\u00e9g\u0171 mos\u00f3szer kim\u00e9r\u00e9s\u00e9hez. Az adagol\u00e1s a ruha szennyezetts\u00e9g\u00e9nek m\u00e9rt\u00e9k\u00e9t\u0151l \u00e9s a v\u00edz kem\u00e9nys\u00e9g\u00e9t\u0151l f\u00fcgg.<\/p>\n<p><strong>Mos\u00f3g\u00e9p el\u0151k\u00e9sz\u00edt\u00e9se:<\/strong><br \/>\nHelyezze a ruh\u00e1kat a mos\u00f3g\u00e9p dobj\u00e1ba. \u00d6ntse a mos\u00f3g\u00e9lt a mos\u00f3szer adagol\u00f3j\u00e1ba, vagy haszn\u00e1ljon adagol\u00f3kapszul\u00e1t, \u00e9s helyezze azt k\u00f6zvetlen\u00fcl a dobba.<\/p>\n<p><strong>Mos\u00f3g\u00e9p be\u00e1ll\u00edt\u00e1sa:<\/strong><br \/>\nV\u00e1lassza ki a megfelel\u0151 mos\u00f3programot, \u00e9s \u00e1ll\u00edtsa be a h\u0151m\u00e9rs\u00e9kletet a text\u00edli\u00e1k c\u00edmk\u00e9j\u00e9n tal\u00e1lhat\u00f3 utas\u00edt\u00e1sok szerint (pl. 30 \u00b0C finom anyagokhoz, 60 \u00b0C feh\u00e9r pamut ruh\u00e1khoz, 95 \u00b0C intenz\u00edv tiszt\u00edt\u00e1st ig\u00e9nyl\u0151 text\u00edli\u00e1khoz).<\/p>\n<p><strong>Mos\u00e1s ind\u00edt\u00e1sa:<\/strong><br \/>\nInd\u00edtsa el a mos\u00f3g\u00e9pet, \u00e9s hagyja, hogy a mos\u00e1si ciklus befejez\u0151dj\u00f6n.<\/p>\n<p><strong>Mos\u00e1s ut\u00e1ni \u00e1pol\u00e1s:<\/strong><br \/>\nA mos\u00e1s befejez\u00e9se ut\u00e1n azonnal vegye ki a ruh\u00e1kat a mos\u00f3g\u00e9pb\u0151l, hogy elker\u00fclje a nedvess\u00e9g okozta kellemetlens\u00e9geket. Ha sz\u00fcks\u00e9ges, a c\u00edmk\u00e9n szerepl\u0151 utas\u00edt\u00e1soknak megfelel\u0151en haszn\u00e1lja a sz\u00e1r\u00edt\u00f3g\u00e9pet.<\/p>\n<p><strong>ADAGOL\u00c1S:<\/strong><\/p>\n<p>Alkalmazza a sz\u00fcks\u00e9ges mennyis\u00e9g\u0171 k\u00e9sz\u00edtm\u00e9nyt a tiszt\u00edtand\u00f3 fel\u00fcleten.<\/p>\n<p><strong>T\u00c1ROL\u00c1S: <\/strong><\/p>\n<p>T\u00e1rolja 5\u201330 \u00b0C h\u0151m\u00e9rs\u00e9kleten. V\u00e9dje a k\u00f6zvetlen napf\u00e9nyt\u0151l. Felhaszn\u00e1lhat\u00f3 a csomagol\u00e1son felt\u00fcntetett d\u00e1tumig.<\/p>\n<p><strong>FIGYELEM:<\/strong><\/p>\n<p>A SACSLAB s. r. o. nem v\u00e1llal felel\u0151ss\u00e9get semmilyen k\u00e1r\u00e9rt, bele\u00e9rtve a k\u00f6zvetlen vagy k\u00f6zvetett k\u00e1rt is, amelyet a term\u00e9k helytelen haszn\u00e1lata, a haszn\u00e1lati utas\u00edt\u00e1sok be nem tart\u00e1sa vagy a term\u00e9k nem megfelel\u0151 kezel\u00e9se okozott.<\/p>\n<p>A felhaszn\u00e1l\u00f3nak a haszn\u00e1lat el\u0151tt meg kell gy\u0151z\u0151dnie a term\u00e9k megfelel\u0151s\u00e9g\u00e9r\u0151l a konkr\u00e9t c\u00e9lra, \u00e9s biztos\u00edtania kell minden vonatkoz\u00f3 biztons\u00e1gi el\u0151\u00edr\u00e1s betart\u00e1s\u00e1t, bele\u00e9rtve a biztons\u00e1gi adatlap (SDS) utas\u00edt\u00e1sait is.<\/p>\n<p>Ez a nyilatkozat nem z\u00e1rja ki, \u00e9s nem korl\u00e1tozza a felel\u0151ss\u00e9get a hal\u00e1l, s\u00e9r\u00fcl\u00e9s vagy m\u00e1s olyan esetek vonatkoz\u00e1s\u00e1ban, amikor a felel\u0151ss\u00e9g kiz\u00e1r\u00e1sa az alkalmazand\u00f3 jogszab\u00e1lyok szerint nem megengedett.<\/p>\n<div class=\"_message__content_g10pz_53\">\n<div class=\"Text-module__container___lebzl\">\n<p class=\"Text-module__container__message___KKCte Text-module__container--user___3KXA-\"><strong>FONTOS:<\/strong><\/p>\n<\/div>\n<\/div>\n<p>Haszn\u00e1lat el\u0151tt mindig olvassa el a c\u00edmk\u00e9t \u00e9s a term\u00e9kinform\u00e1ci\u00f3kat a csatolt <strong>\u201eLET\u00d6LT\u00c9SEK\u201d <\/strong>dokumentumokban.<\/p>\n<p>K\u00e9zi adagol\u00e1s:<\/p>\n<table>\n<thead>\n<tr>\n<th>Aj\u00e1nlott adagol\u00e1s 5 kg-ra<\/th>\n<th>K\u00f6nny\u0171 szennyez\u0151d\u00e9s<\/th>\n<th>Norm\u00e1l szennyez\u0151d\u00e9s<\/th>\n<th>Er\u0151s szennyez\u0151d\u00e9s<\/th>\n<th>El\u0151\u00e1ztat\u00e1s<\/th>\n<\/tr>\n<\/thead>\n<tbody>\n<tr>\n<td>1. szint (&lt; 1,5 mmol\/l)<\/td>\n<td>40 ml<\/td>\n<td>50 ml<\/td>\n<td>80 ml<\/td>\n<td>40 ml<\/td>\n<\/tr>\n<tr>\n<td>2. szint (1,5 \u2013 2,5 mmol\/l)<\/td>\n<td>60 ml<\/td>\n<td>80 ml<\/td>\n<td>100 ml<\/td>\n<td>60 ml<\/td>\n<\/tr>\n<tr>\n<td>3. szint (&gt; 2,5 mmol\/l)<\/td>\n<td>80 ml<\/td>\n<td>100 ml<\/td>\n<td>120 ml<\/td>\n<td>80 ml<\/td>\n<\/tr>\n<\/tbody>\n<\/table>\n<p>Adjon hozz\u00e1 h\u00edg\u00edtatlan term\u00e9ket az el\u0151mos\u00e1s vagy a f\u0151 mos\u00e1s adagol\u00f3 fi\u00f3kj\u00e1hoz.<\/p>\n","protected":false},"excerpt":{"rendered":"<p><strong style=\"font-size: 1.41575em;\">Professzion\u00e1lis<strong>\u00a0mos\u00f3szer<\/strong><\/strong><\/p>\n<p><img decoding=\"async\" class=\"alignnone wp-image-22626 size-full\" src=\"https:\/\/sacslab.com\/wp-content\/uploads\/2024\/04\/certificate-ISO.svg\" alt=\"\" \/><\/p>\n<div class=\"e18-eigenschaften\"><\/div>\n<div class=\"e19-anwendungsbereiche\">\n<p><strong>LD01 Universal<\/strong> \u2013 egyed\u00fcl\u00e1ll\u00f3an koncentr\u00e1lt \u00f6sszet\u00e9tel\u0171 mos\u00f3g\u00e9l rendk\u00edv\u00fcl hat\u00e9kony akt\u00edv \u00f6sszetev\u0151ket \u00e9s enzimeket tartalmaz, amelyek m\u00e9lyen behatolnak a text\u00edli\u00e1k sz\u00e1laiba, megb\u00edzhat\u00f3an elt\u00e1vol\u00edtva a foltokat \u00e9s a szennyez\u0151d\u00e9seket. A modern technol\u00f3gi\u00e1knak \u00e9s az akt\u00edv \u00f6sszetev\u0151k kombin\u00e1ci\u00f3j\u00e1nak k\u00f6sz\u00f6nhet\u0151en m\u00e1r a mos\u00e1s sor\u00e1n megsz\u00fcnteti a bolyhosod\u00e1st, mik\u00f6zben a sz\u00e1lakat puh\u00e1n \u00e9s rugalmasan tartja.<\/p>\n<p>A mos\u00f3szer \u00fagy lett kialak\u00edtva, hogy megb\u00edzhat\u00f3an m\u0171k\u00f6dj\u00f6n alacsonyabb h\u0151m\u00e9rs\u00e9kleteken is, 30 \u00b0C-t\u00f3l 95 \u00b0C-ig. Nem tartalmaz agressz\u00edv szintetikus anyagokat, \u00e9s minden t\u00edpus\u00fa text\u00edli\u00e1hoz alkalmas. Az eredm\u00e9ny t\u00f6k\u00e9letesen tiszta ruha \u00e9s friss illat.<\/p>\n<ul>\n<li><strong>Rendk\u00edv\u00fcl hat\u00e9kony akt\u00edv \u00f6sszetev\u0151k<\/strong><\/li>\n<li><strong>Foltokat \u00e9s szennyez\u0151d\u00e9seket t\u00e1vol\u00edt el<\/strong><\/li>\n<li><strong>Elt\u00e1vol\u00edtja a bolyhokat a mos\u00e1s sor\u00e1n<\/strong><\/li>\n<li><strong>Minden t\u00edpus\u00fa text\u00edli\u00e1hoz alkalmas<\/strong><\/li>\n<li><strong>Meg\u0151rzi az intenz\u00edv sz\u00edneket<\/strong><\/li>\n<li><strong>Professzion\u00e1lis tisztas\u00e1g<\/strong><\/li>\n<\/ul>\n<\/div>\n","protected":false},"featured_media":22634,"template":"","meta":{"inline_featured_image":false},"product_cat":[359],"product_tag":[],"class_list":{"0":"post-18668","1":"product","2":"type-product","3":"status-publish","4":"has-post-thumbnail","6":"product_cat-mososzerek","8":"first","9":"instock","10":"taxable","11":"shipping-taxable","12":"purchasable","13":"product-type-variable"},"bundled_by":["20475"],"bundle_stock_status":"instock","bundle_stock_quantity":20,"bundle_virtual":false,"bundle_layout":"","bundle_add_to_cart_form_location":"","bundle_editable_in_cart":false,"bundle_sold_individually_context":"","bundle_item_grouping":"","bundle_min_size":"","bundle_max_size":"","bundle_price":[],"bundled_items":[],"bundle_sell_ids":[],"_links":{"self":[{"href":"https:\/\/sacslab.com\/hu\/wp-json\/wp\/v2\/product\/18668","targetHints":{"allow":["GET"]}}],"collection":[{"href":"https:\/\/sacslab.com\/hu\/wp-json\/wp\/v2\/product"}],"about":[{"href":"https:\/\/sacslab.com\/hu\/wp-json\/wp\/v2\/types\/product"}],"wp:featuredmedia":[{"embeddable":true,"href":"https:\/\/sacslab.com\/hu\/wp-json\/wp\/v2\/media\/22634"}],"wp:attachment":[{"href":"https:\/\/sacslab.com\/hu\/wp-json\/wp\/v2\/media?parent=18668"}],"wp:term":[{"taxonomy":"product_cat","embeddable":true,"href":"https:\/\/sacslab.com\/hu\/wp-json\/wp\/v2\/product_cat?post=18668"},{"taxonomy":"product_tag","embeddable":true,"href":"https:\/\/sacslab.com\/hu\/wp-json\/wp\/v2\/product_tag?post=18668"}],"curies":[{"name":"wp","href":"https:\/\/api.w.org\/{rel}","templated":true}]}}