{"id":39582,"date":"2025-05-02T11:26:28","date_gmt":"2025-05-02T09:26:28","guid":{"rendered":"https:\/\/sacslab.com\/polyesterova-taska\/"},"modified":"2025-05-03T09:41:28","modified_gmt":"2025-05-03T07:41:28","slug":"polieszter-taska","status":"publish","type":"product","link":"https:\/\/sacslab.com\/hu\/polieszter-taska\/","title":{"rendered":"Poli\u00e9szter t\u00e1ska"},"content":{"rendered":"<div class=\"testo ecobox-block\">\n<p><label class=\"title-block\"><span style=\"vertical-align: inherit;\"><span style=\"vertical-align: inherit;\">ECO BOX<\/span><\/span><img decoding=\"async\" class=\"filmop-cetificates\" src=\"https:\/\/sacslab.com\/wp-content\/uploads\/2025\/02\/logo__greenEcoBox-1.svg\" alt=\"EcoBox log\u00f3\" \/><\/label><\/p>\n<div class=\"row\">\n<div class=\"col-md-auto feature-image\"><img decoding=\"async\" src=\"https:\/\/media.filmop.com\/icons\/__logo__Ecosostenibile__.png\" alt=\"EcoBoxLogo\" \/><\/div>\n<div class=\"col-md feature-text\">\n<p><span class=\"ecobox-title\"><span style=\"vertical-align: inherit;\"><span style=\"vertical-align: inherit;\">ECO-FRIENDLY PRODUCT<\/span><\/span><\/span><\/p>\n<p><span style=\"vertical-align: inherit;\"><span style=\"vertical-align: inherit;\">A term\u00e9k a 2014. \u00e9vi CXX. t\u00f6rv\u00e9nyerej\u0171 rendeletnek megfelel\u0151 csomagol\u00e1sban ker\u00fcl \u00e9rt\u00e9kes\u00edt\u00e9sre. 116\/2020. szeptember 3-i rendelet a fogyaszt\u00e1s ut\u00e1ni megfelel\u0151 \u00e1rtalmatlan\u00edt\u00e1s \u00e9rdek\u00e9ben a k\u00f6rnyezetv\u00e9delmi c\u00edmk\u00e9z\u00e9si k\u00f6telezetts\u00e9gr\u0151l. A v\u00e1llalat \u00e1ltal haszn\u00e1lt kartoncsomagol\u00e1s 99%-a \u00e1tlagosan 80%-ban \u00fajrahasznos\u00edtott pap\u00edrb\u00f3l k\u00e9sz\u00fcl. <\/span><\/span><\/p>\n<\/div>\n<\/div>\n<\/div>\n<div class=\"testo\">\n<p><label class=\"title-block\"><span style=\"vertical-align: inherit;\"><span style=\"vertical-align: inherit;\">TULAJDONS\u00c1GOK:<\/span><\/span><\/label><\/p>\n<p><span style=\"vertical-align: inherit;\"><span style=\"vertical-align: inherit;\">Latexmentes term\u00e9k<\/span><\/span><\/p>\n<p>A kocsik tiszt\u00edt\u00e1s\u00e1hoz<\/p>\n<\/div>\n<div class=\"testo\">\n<p><label class=\"title-block\"><span style=\"vertical-align: inherit;\"><span style=\"vertical-align: inherit;\">ANYAG:<\/span><\/span><\/label><\/p>\n<p><span style=\"vertical-align: inherit;\"><span style=\"vertical-align: inherit;\">Poli\u00e9szter<\/span><\/span><\/p>\n<\/div>\n<div class=\"testo\">\n<p><label class=\"title-block\"><span style=\"vertical-align: inherit;\"><span style=\"vertical-align: inherit;\">\u00c9LETCIKLUS:<\/span><\/span><\/label><\/p>\n<div class=\"col-avvertenze\">K\u00fcl\u00f6n\u00f6sen mos\u00e1s\u00e1ll\u00f3 anyag (t\u00f6bb mint 800 mos\u00e1sra tesztelve)<\/div>\n<\/div>\n<div class=\"testo\">\n<p><label class=\"title-block\"><span style=\"vertical-align: inherit;\"><span style=\"vertical-align: inherit;\">MOS\u00c1SI UTAS\u00cdT\u00c1SOK<\/span><\/span><\/label><\/p>\n<div class=\"col-avvertenze\">Ne haszn\u00e1ljon \u00f6bl\u00edt\u0151t.<br \/>\nJ\u00f3l ellen\u00e1ll a v\u00edzben h\u00edg\u00edtott savaknak \u00e9s l\u00fagoknak.<\/div>\n<\/div>\n","protected":false},"excerpt":{"rendered":"<p class=\"\" data-start=\"375\" data-end=\"412\">Feh\u00e9r poli\u00e9szter zs\u00e1k sz\u00ednes cs\u00edkkal.<\/p>\n<p class=\"\" data-start=\"414\" data-end=\"465\"><strong data-start=\"414\" data-end=\"431\">FELHASZN\u00c1L\u00c1S:<\/strong><br data-start=\"431\" data-end=\"434\" \/>Zs\u00e1k szennyes ruh\u00e1k gy\u0171jt\u00e9s\u00e9re.<\/p>\n<div class=\"wrapper-img-system\"><img decoding=\"async\" class=\"filmop-cetificates\" src=\"https:\/\/sacslab.com\/wp-content\/uploads\/2025\/01\/Logo_Latex_free.svg\" alt=\"Log\u00f3\" \/><\/div>\n","protected":false},"featured_media":39562,"template":"","meta":{"inline_featured_image":false},"product_cat":[230,327],"product_tag":[],"class_list":{"0":"post-39582","1":"product","2":"type-product","3":"status-publish","4":"has-post-thumbnail","6":"product_cat-takarito-eszkozok","7":"product_cat-szallodai-kocsik","8":"pa_farba-kek","9":"pa_farba-red-hu","10":"pa_farba-sarga","11":"pa_farba-zold","13":"first","14":"onbackorder","15":"taxable","16":"shipping-taxable","17":"purchasable","18":"product-type-variable"},"bundled_by":[],"bundle_stock_status":"onbackorder","bundle_stock_quantity":null,"bundle_virtual":false,"bundle_layout":"","bundle_add_to_cart_form_location":"","bundle_editable_in_cart":false,"bundle_sold_individually_context":"","bundle_item_grouping":"","bundle_min_size":"","bundle_max_size":"","bundle_price":[],"bundled_items":[],"bundle_sell_ids":[],"_links":{"self":[{"href":"https:\/\/sacslab.com\/hu\/wp-json\/wp\/v2\/product\/39582","targetHints":{"allow":["GET"]}}],"collection":[{"href":"https:\/\/sacslab.com\/hu\/wp-json\/wp\/v2\/product"}],"about":[{"href":"https:\/\/sacslab.com\/hu\/wp-json\/wp\/v2\/types\/product"}],"wp:featuredmedia":[{"embeddable":true,"href":"https:\/\/sacslab.com\/hu\/wp-json\/wp\/v2\/media\/39562"}],"wp:attachment":[{"href":"https:\/\/sacslab.com\/hu\/wp-json\/wp\/v2\/media?parent=39582"}],"wp:term":[{"taxonomy":"product_cat","embeddable":true,"href":"https:\/\/sacslab.com\/hu\/wp-json\/wp\/v2\/product_cat?post=39582"},{"taxonomy":"product_tag","embeddable":true,"href":"https:\/\/sacslab.com\/hu\/wp-json\/wp\/v2\/product_tag?post=39582"}],"curies":[{"name":"wp","href":"https:\/\/api.w.org\/{rel}","templated":true}]}}